{"id":8914,"date":"2025-12-06T16:36:29","date_gmt":"2025-12-06T15:36:29","guid":{"rendered":"https:\/\/www.gioielleriabelloni.com\/?post_type=product&#038;p=8914"},"modified":"2026-01-15T15:13:26","modified_gmt":"2026-01-15T14:13:26","slug":"anello-smeraldo-diamanti","status":"publish","type":"product","link":"https:\/\/www.gioielleriabelloni.com\/en\/p\/anello-smeraldo-diamanti\/","title":{"rendered":"Anello smeraldo e diamanti"},"content":{"rendered":"<p>Pezzo unico eseguito a mano oro giallo 9 kt Fairmined da New Art Milano.<br \/>\nUna linea di gioielli inediti realizzati oro giallo, bianco e rosa a 9kt.<br \/>\nAbbiamo scelto di lavorare con una materia prima diversa, l\u2019oro 9kt anzich\u00e8 18 kt per liberare ancora di pi\u00f9 la nostra creativit\u00e0 e offrirti un\u2019ampia scelta di gioielli ideali per chi non vuole rinunciare a indossare eleganza e modernit\u00e0 insieme, tutti i giorni, a un costo ragionevole.<\/p>\n<p>Abbiamo sempre considerato il riciclo delle gemme una parte importante della gioielleria etica. Per questo abbiamo deciso di realizzare modelli in oro e argento etico utilizzando pietre provenienti da vecchi gioielli fuori-moda o rovinati.<br \/>\nSecond Life: gemme con un passato risplendono nuovamente nelle creazioni Ethical Jewels.<\/p>\n<p>Nel caso foste interessati a gioielli con le stesse caratteristiche ma con pietre o colori diversi oppure per qualsiasi altra informazione o esigenza scrivete a info@gioielleriabelloni.it o telefonateci al 02.55195451<\/p>\n<p>&nbsp;<\/p>\n","protected":false},"excerpt":{"rendered":"<h4>SCHEDA TECNICA<\/h4>\n<p>Montatura in oro giallo 9 kt certificato Fairmined<\/p>\n<h4>CARATTERISTICHE DELLA PIETRA<\/h4>\n<ul>\n<li>Diamanti Second Life taglio rotondo<\/li>\n<li>Smeraldo Second Life taglio rotondo<\/li>\n<\/ul>\n","protected":false},"featured_media":8917,"template":"","meta":{"_acf_changed":false},"collezione":[83,71],"designer":[73],"materiale":[74],"product_cat":[27],"product_tag":[],"class_list":{"0":"post-8914","1":"product","2":"type-product","3":"status-publish","4":"has-post-thumbnail","6":"collezione-diamanti-second-life","7":"collezione-gemme-second-life","8":"designer-gold-of-nine","9":"materiale-oro-9-kt","10":"product_cat-anelli","11":"pa_colore-giallo","13":"first","14":"instock","15":"taxable","16":"shipping-taxable","17":"purchasable","18":"product-type-simple"},"acf":[],"_links":{"self":[{"href":"https:\/\/www.gioielleriabelloni.com\/en\/wp-json\/wp\/v2\/product\/8914","targetHints":{"allow":["GET"]}}],"collection":[{"href":"https:\/\/www.gioielleriabelloni.com\/en\/wp-json\/wp\/v2\/product"}],"about":[{"href":"https:\/\/www.gioielleriabelloni.com\/en\/wp-json\/wp\/v2\/types\/product"}],"wp:featuredmedia":[{"embeddable":true,"href":"https:\/\/www.gioielleriabelloni.com\/en\/wp-json\/wp\/v2\/media\/8917"}],"wp:attachment":[{"href":"https:\/\/www.gioielleriabelloni.com\/en\/wp-json\/wp\/v2\/media?parent=8914"}],"wp:term":[{"taxonomy":"collezione","embeddable":true,"href":"https:\/\/www.gioielleriabelloni.com\/en\/wp-json\/wp\/v2\/collezione?post=8914"},{"taxonomy":"designer","embeddable":true,"href":"https:\/\/www.gioielleriabelloni.com\/en\/wp-json\/wp\/v2\/designer?post=8914"},{"taxonomy":"materiale","embeddable":true,"href":"https:\/\/www.gioielleriabelloni.com\/en\/wp-json\/wp\/v2\/materiale?post=8914"},{"taxonomy":"product_cat","embeddable":true,"href":"https:\/\/www.gioielleriabelloni.com\/en\/wp-json\/wp\/v2\/product_cat?post=8914"},{"taxonomy":"product_tag","embeddable":true,"href":"https:\/\/www.gioielleriabelloni.com\/en\/wp-json\/wp\/v2\/product_tag?post=8914"}],"curies":[{"name":"wp","href":"https:\/\/api.w.org\/{rel}","templated":true}]}}