{"id":7990,"date":"2025-07-23T14:01:30","date_gmt":"2025-07-23T12:01:30","guid":{"rendered":"https:\/\/www.gioielleriabelloni.com\/p\/orecchini-smaltini\/"},"modified":"2025-12-01T12:20:01","modified_gmt":"2025-12-01T11:20:01","slug":"orecchini-smaltini","status":"publish","type":"product","link":"https:\/\/www.gioielleriabelloni.com\/en\/p\/orecchini-smaltini\/","title":{"rendered":"Orecchini Smaltini"},"content":{"rendered":"<p>Una linea di gioielli inediti realizzati in oro giallo 9kt Fairmined da Laura Volpi.<\/p>\n<p> Abbiamo scelto di lavorare con una materia prima diversa, l\u2019oro 9kt anzich\u00e9 18kt per liberare ancora di pi\u00f9 la nostra creativit\u00e0 e offrirti un\u2019ampia scelta di gioielli ideali per chi non vuole rinunciare a indossare eleganza e modernit\u00e0 insieme, tutti i giorni, a un costo ragionevole.<\/p>\n<p> &nbsp;<\/p>\n","protected":false},"excerpt":{"rendered":"<h4>SCHEDA TECNICA:<\/h4>\n<p> Orecchini in oro giallo 9 kt certificato Fairmined<\/p>\n<p> CARATTERISTICHE<\/p>\n<ul>\n<li>Smalto verde chiaro<\/li>\n<\/ul>\n","protected":false},"featured_media":5628,"template":"","meta":{"_acf_changed":false},"collezione":[64],"designer":[72],"materiale":[74],"product_cat":[51],"product_tag":[],"class_list":{"0":"post-7990","1":"product","2":"type-product","3":"status-publish","4":"has-post-thumbnail","6":"collezione-senza-pietre","7":"designer-laura-volpi","8":"materiale-oro-9-kt","9":"product_cat-orecchini","10":"pa_colore-giallo","12":"first","13":"instock","14":"taxable","15":"shipping-taxable","16":"purchasable","17":"product-type-simple"},"acf":[],"_links":{"self":[{"href":"https:\/\/www.gioielleriabelloni.com\/en\/wp-json\/wp\/v2\/product\/7990","targetHints":{"allow":["GET"]}}],"collection":[{"href":"https:\/\/www.gioielleriabelloni.com\/en\/wp-json\/wp\/v2\/product"}],"about":[{"href":"https:\/\/www.gioielleriabelloni.com\/en\/wp-json\/wp\/v2\/types\/product"}],"wp:featuredmedia":[{"embeddable":true,"href":"https:\/\/www.gioielleriabelloni.com\/en\/wp-json\/wp\/v2\/media\/5628"}],"wp:attachment":[{"href":"https:\/\/www.gioielleriabelloni.com\/en\/wp-json\/wp\/v2\/media?parent=7990"}],"wp:term":[{"taxonomy":"collezione","embeddable":true,"href":"https:\/\/www.gioielleriabelloni.com\/en\/wp-json\/wp\/v2\/collezione?post=7990"},{"taxonomy":"designer","embeddable":true,"href":"https:\/\/www.gioielleriabelloni.com\/en\/wp-json\/wp\/v2\/designer?post=7990"},{"taxonomy":"materiale","embeddable":true,"href":"https:\/\/www.gioielleriabelloni.com\/en\/wp-json\/wp\/v2\/materiale?post=7990"},{"taxonomy":"product_cat","embeddable":true,"href":"https:\/\/www.gioielleriabelloni.com\/en\/wp-json\/wp\/v2\/product_cat?post=7990"},{"taxonomy":"product_tag","embeddable":true,"href":"https:\/\/www.gioielleriabelloni.com\/en\/wp-json\/wp\/v2\/product_tag?post=7990"}],"curies":[{"name":"wp","href":"https:\/\/api.w.org\/{rel}","templated":true}]}}