{"id":7917,"date":"2024-11-30T14:14:11","date_gmt":"2024-11-30T13:14:11","guid":{"rendered":"https:\/\/www.gioielleriabelloni.com\/p\/anello-brillino\/"},"modified":"2026-02-13T19:04:02","modified_gmt":"2026-02-13T18:04:02","slug":"anello-brillino","status":"publish","type":"product","link":"https:\/\/www.gioielleriabelloni.com\/en\/p\/anello-brillino\/","title":{"rendered":"Anello Brillino"},"content":{"rendered":"<p>Pezzo unico eseguito a mano oro giallo 9 kt Fairmined da New Art Milano.<br \/>\nUna linea di gioielli inediti realizzati oro giallo, bianco e rosa a 9kt.<br \/>\nAbbiamo scelto di lavorare con una materia prima diversa, l\u2019oro 9kt anzich\u00e8 18 kt per liberare ancora di pi\u00f9 la nostra creativit\u00e0 e offrirti un\u2019ampia scelta di gioielli ideali per chi non vuole rinunciare a indossare eleganza e modernit\u00e0 insieme, tutti i giorni, a un costo ragionevole.<br \/>\nAbbiamo sempre considerato il riciclo delle gemme una parte importante della gioielleria etica.<br \/>\nPer questo abbiamo deciso di realizzare modelli oro e argento etico utilizzando gemme provenienti da vecchi gioielli fuori-moda o rovinati.<br \/>\nSecond Life: gemme con un passato risplendono nuovamente nelle creazioni Ethical Jewels.<\/p>\n","protected":false},"excerpt":{"rendered":"<h4>SCHEDA TECNICA<\/h4>\n<p>Montatura oro giallo 9 kt certificato Fairmined<\/p>\n<h4>CARATTERISTICHE DELLE PIETRE<\/h4>\n<ul>\n<li>Diamanti Second Life taglio rotondo<\/li>\n<li>Peso ct. 0,05<\/li>\n<\/ul>\n","protected":false},"featured_media":9559,"template":"","meta":{"_acf_changed":false},"collezione":[83],"designer":[65],"materiale":[74],"product_cat":[27],"product_tag":[],"class_list":{"0":"post-7917","1":"product","2":"type-product","3":"status-publish","4":"has-post-thumbnail","6":"collezione-diamanti-second-life","7":"designer-gioielleria-belloni","8":"materiale-oro-9-kt","9":"product_cat-anelli","10":"pa_colore-giallo","12":"first","13":"instock","14":"taxable","15":"shipping-taxable","16":"purchasable","17":"product-type-simple"},"acf":[],"_links":{"self":[{"href":"https:\/\/www.gioielleriabelloni.com\/en\/wp-json\/wp\/v2\/product\/7917","targetHints":{"allow":["GET"]}}],"collection":[{"href":"https:\/\/www.gioielleriabelloni.com\/en\/wp-json\/wp\/v2\/product"}],"about":[{"href":"https:\/\/www.gioielleriabelloni.com\/en\/wp-json\/wp\/v2\/types\/product"}],"wp:featuredmedia":[{"embeddable":true,"href":"https:\/\/www.gioielleriabelloni.com\/en\/wp-json\/wp\/v2\/media\/9559"}],"wp:attachment":[{"href":"https:\/\/www.gioielleriabelloni.com\/en\/wp-json\/wp\/v2\/media?parent=7917"}],"wp:term":[{"taxonomy":"collezione","embeddable":true,"href":"https:\/\/www.gioielleriabelloni.com\/en\/wp-json\/wp\/v2\/collezione?post=7917"},{"taxonomy":"designer","embeddable":true,"href":"https:\/\/www.gioielleriabelloni.com\/en\/wp-json\/wp\/v2\/designer?post=7917"},{"taxonomy":"materiale","embeddable":true,"href":"https:\/\/www.gioielleriabelloni.com\/en\/wp-json\/wp\/v2\/materiale?post=7917"},{"taxonomy":"product_cat","embeddable":true,"href":"https:\/\/www.gioielleriabelloni.com\/en\/wp-json\/wp\/v2\/product_cat?post=7917"},{"taxonomy":"product_tag","embeddable":true,"href":"https:\/\/www.gioielleriabelloni.com\/en\/wp-json\/wp\/v2\/product_tag?post=7917"}],"curies":[{"name":"wp","href":"https:\/\/api.w.org\/{rel}","templated":true}]}}