{"id":10523,"date":"2026-03-27T15:31:04","date_gmt":"2026-03-27T14:31:04","guid":{"rendered":"https:\/\/www.gioielleriabelloni.com\/?post_type=product&#038;p=10523"},"modified":"2026-04-01T18:39:47","modified_gmt":"2026-04-01T16:39:47","slug":"anello-rubino-second-life-4","status":"publish","type":"product","link":"https:\/\/www.gioielleriabelloni.com\/en\/p\/anello-rubino-second-life-4\/","title":{"rendered":"Anello rubino Second Life"},"content":{"rendered":"<p>Pezzo unico eseguito a mano in oro giallo 9 kt Fairmined da New Art Milano.<br \/>\nUna linea di gioielli inediti realizzati in oro giallo, bianco e rosa a 9kt.<\/p>\n<p>Abbiamo scelto di lavorare con una materia prima diversa, l\u2019oro 9kt anzich\u00e9 18kt per liberare ancora di pi\u00f9 la nostra creativit\u00e0 e offrirti un\u2019ampia scelta di gioielli ideali per chi non vuole rinunciare a indossare eleganza e modernit\u00e0 insieme, tutti i giorni, a un costo ragionevole.<\/p>\n<p>Abbiamo sempre considerato il riciclo delle gemme una parte importante della gioielleria etica. Per questo abbiamo deciso di realizzare modelli in oro e argento etico utilizzando pietre provenienti da vecchi gioielli fuori-moda o rovinati.<br \/>\nSecond Life: gemme con un passato risplendono nuovamente nelle creazioni Ethical Jewels.<\/p>\n<p>Nel caso foste interessati a gioielli con le stesse caratteristiche ma con pietre o colori diversi oppure per qualsiasi altra informazione o esigenza scrivete a info@gioielleriabelloni.it o telefonateci al 02.55195451<\/p>\n","protected":false},"excerpt":{"rendered":"<h4>SCHEDA TECNICA:<\/h4>\n<p>Montatura a castone in oro giallo 9 kt certificato Fairmined<\/p>\n<h4>CARATTERISTICHE DELLE PIETRE:<\/h4>\n<ul>\n<li>Rubino Second Life<\/li>\n<li>Peso ct. 0,46<\/li>\n<\/ul>\n","protected":false},"featured_media":10531,"template":"","meta":{"_acf_changed":false},"collezione":[71],"designer":[73],"materiale":[74],"product_cat":[27],"product_tag":[],"class_list":{"0":"post-10523","1":"product","2":"type-product","3":"status-publish","4":"has-post-thumbnail","6":"collezione-gemme-second-life","7":"designer-gold-of-nine","8":"materiale-oro-9-kt","9":"product_cat-anelli","10":"pa_colore-giallo","12":"first","13":"instock","14":"taxable","15":"shipping-taxable","16":"purchasable","17":"product-type-simple"},"acf":[],"_links":{"self":[{"href":"https:\/\/www.gioielleriabelloni.com\/en\/wp-json\/wp\/v2\/product\/10523","targetHints":{"allow":["GET"]}}],"collection":[{"href":"https:\/\/www.gioielleriabelloni.com\/en\/wp-json\/wp\/v2\/product"}],"about":[{"href":"https:\/\/www.gioielleriabelloni.com\/en\/wp-json\/wp\/v2\/types\/product"}],"wp:featuredmedia":[{"embeddable":true,"href":"https:\/\/www.gioielleriabelloni.com\/en\/wp-json\/wp\/v2\/media\/10531"}],"wp:attachment":[{"href":"https:\/\/www.gioielleriabelloni.com\/en\/wp-json\/wp\/v2\/media?parent=10523"}],"wp:term":[{"taxonomy":"collezione","embeddable":true,"href":"https:\/\/www.gioielleriabelloni.com\/en\/wp-json\/wp\/v2\/collezione?post=10523"},{"taxonomy":"designer","embeddable":true,"href":"https:\/\/www.gioielleriabelloni.com\/en\/wp-json\/wp\/v2\/designer?post=10523"},{"taxonomy":"materiale","embeddable":true,"href":"https:\/\/www.gioielleriabelloni.com\/en\/wp-json\/wp\/v2\/materiale?post=10523"},{"taxonomy":"product_cat","embeddable":true,"href":"https:\/\/www.gioielleriabelloni.com\/en\/wp-json\/wp\/v2\/product_cat?post=10523"},{"taxonomy":"product_tag","embeddable":true,"href":"https:\/\/www.gioielleriabelloni.com\/en\/wp-json\/wp\/v2\/product_tag?post=10523"}],"curies":[{"name":"wp","href":"https:\/\/api.w.org\/{rel}","templated":true}]}}